{"id":123,"date":"2016-02-20T10:57:19","date_gmt":"2016-02-20T08:57:19","guid":{"rendered":"http:\/\/vv.mustrituisk.ee\/?page_id=123"},"modified":"2019-09-24T14:31:11","modified_gmt":"2019-09-24T11:31:11","slug":"meie-lugu","status":"publish","type":"page","link":"https:\/\/www.veinjavine.ee\/en\/meie-lugu\/","title":{"rendered":"meie lugu"},"content":{"rendered":"<p>Meie lugu sai alguse aastal 2010, mil kolm s\u00f5pra &#8211; Urmas, Martin ja Assar &#8211; otsustasid, et Tartu vajab h\u00e4dasti \u00fchte toredat ja hubast veinibaari.<\/p>\n<p>S\u00f5prade s\u00fcdamed v\u00f5itis \u00fcks Vilniuses asuv \u00fclipopulaarne koht, kus rahvast alati murdu &#8211; inimesed nautisid vabade istekohtade puudumise t\u00f5ttu veini ja suupisteid sageli lausa p\u00fcsti seistes ja pokaali aknalaua nurgakesele toetades, olles seejuures \u00f5nnelikud ja rahul.<\/p>\n<p>Just sellest fenomenaalsest kohakesest sai meile omamoodi inspiratsiooni allikas! Jah, sellist elu soovisime sisse puhuda ka enda tulevasele veinibaarile. Ja muidugi teadsime kohe, et meie tulevase veinibaari men\u00fc\u00fcsse tuleb v\u00f5tta need \u00fclihead Vilniuses j\u00e4rele proovitud balsamico \u00e4\u00e4dikas marineeritud sibulad.<\/p>\n<p>2011 alguses saime p\u00e4rast poolt aastat otsimist k\u00e4tte meile sobivad ja teile k\u00f5ikidele t\u00e4naseks h\u00e4sti tuttavad ruumid Tartus R\u00fc\u00fctli t\u00e4naval. Kui aus olla, siis olid ruumid ahervaremetes, kuid nendesse sisse astudes tekkis k\u00f5ikidel tunne, et see ongi see \u00f5ige hingamisega koht. L\u00e4ks ligi 5 kuud rassimist, higistamist, organiseerimist, ehitamist ning 29.aprilli \u00f5htul avasimegi n\u00fc\u00fcdseks juba legendaarseks saanud veinibaari Vein ja Vine.<\/p>\n<p>T\u00e4na oleme rahul, et meie v\u00e4ike missioon on \u00f5nnestunud. Vein ja Vine on koht, kus iga\u00fcks v\u00f5ib ilma peenutsemata omale meelep\u00e4rase veini valida, s\u00f5pradega m\u00f5nusalt juttu puhuda ning ikka ja j\u00e4lle meie juurde tagasi tulla. Ja kuigi sageli istekohti napib, mahub toredaid inimesi Veini ja Vinesse k\u00fcll ja veel.<\/p>\n<p>Asutajate kolmik on aja jooksul t\u00e4ienenud ning Vein ja Vine hea k\u00e4ek\u00e4igu eest hoolitseb meiega koos s\u00f5ber Mihkel. Lisaks omanikele kohtate meil leti taga uskumatuid tegelasi &#8211; nagu n\u00e4iteks Vanemuise ooperikoori lauljat Ukut, meie endi hulgas rastavendadeks kutsutud Kalvit ja Andrest ning loomulikult unustamatut Toomast:) \u00a0Aga samuti v\u00f5ib letis kohata ka rutiinist v\u00e4lja astunud veinis\u00f5pru, kes vabatahtlikult teid m\u00f5nel \u00f5htul oma teenindusega r\u00f5\u00f5mustavad.<\/p>\n<p>Siinkohal tahame t\u00e4nada s\u00fcdamest k\u00f5iki, kes meid meie hullu idee teostamisel aitasid ja toetasid, aga samuti k\u00f5iki meie toredaid kliente, t\u00e4nu kellele saab Vein ja Vine sel aastal t\u00e4histada juba oma 8. s\u00fcnnip\u00e4eva.<\/p>\n","protected":false},"excerpt":{"rendered":"<p>Meie lugu sai alguse aastal 2010, mil kolm s\u00f5pra &#8211; Urmas, Martin ja Assar &#8211; otsustasid, et Tartu vajab h\u00e4dasti \u00fchte toredat ja hubast veinibaari. S\u00f5prade s\u00fcdamed v\u00f5itis \u00fcks Vilniuses asuv \u00fclipopulaarne koht, kus rahvast alati murdu &#8211; inimesed nautisid vabade istekohtade puudumise t\u00f5ttu veini ja suupisteid sageli lausa p\u00fcsti seistes ja pokaali aknalaua nurgakesele &hellip; <a href=\"https:\/\/www.veinjavine.ee\/en\/meie-lugu\/\" class=\"more-link\">Continue reading<span class=\"screen-reader-text\"> &#8220;meie lugu&#8221;<\/span><\/a><\/p>\n","protected":false},"author":1,"featured_media":0,"parent":0,"menu_order":6,"comment_status":"closed","ping_status":"closed","template":"","meta":{"footnotes":""},"_links":{"self":[{"href":"https:\/\/www.veinjavine.ee\/en\/wp-json\/wp\/v2\/pages\/123"}],"collection":[{"href":"https:\/\/www.veinjavine.ee\/en\/wp-json\/wp\/v2\/pages"}],"about":[{"href":"https:\/\/www.veinjavine.ee\/en\/wp-json\/wp\/v2\/types\/page"}],"author":[{"embeddable":true,"href":"https:\/\/www.veinjavine.ee\/en\/wp-json\/wp\/v2\/users\/1"}],"replies":[{"embeddable":true,"href":"https:\/\/www.veinjavine.ee\/en\/wp-json\/wp\/v2\/comments?post=123"}],"version-history":[{"count":5,"href":"https:\/\/www.veinjavine.ee\/en\/wp-json\/wp\/v2\/pages\/123\/revisions"}],"predecessor-version":[{"id":540,"href":"https:\/\/www.veinjavine.ee\/en\/wp-json\/wp\/v2\/pages\/123\/revisions\/540"}],"wp:attachment":[{"href":"https:\/\/www.veinjavine.ee\/en\/wp-json\/wp\/v2\/media?parent=123"}],"curies":[{"name":"wp","href":"https:\/\/api.w.org\/{rel}","templated":true}]}}